{"id":2,"date":"2026-01-08T10:40:41","date_gmt":"2026-01-08T09:40:41","guid":{"rendered":"https:\/\/biodro.it-trok.pl\/?page_id=2"},"modified":"2026-03-04T15:56:26","modified_gmt":"2026-03-04T14:56:26","slug":"program","status":"publish","type":"page","link":"https:\/\/querqusacademy.pl\/en\/program\/","title":{"rendered":"Programme"},"content":{"rendered":"<style>.wp-block-kadence-advancedheading.kt-adv-heading2_c5d709-9d, .wp-block-kadence-advancedheading.kt-adv-heading2_c5d709-9d[data-kb-block=\"kb-adv-heading2_c5d709-9d\"]{padding-bottom:0px;margin-bottom:0px;font-style:normal;}.wp-block-kadence-advancedheading.kt-adv-heading2_c5d709-9d mark.kt-highlight, .wp-block-kadence-advancedheading.kt-adv-heading2_c5d709-9d[data-kb-block=\"kb-adv-heading2_c5d709-9d\"] mark.kt-highlight{font-style:normal;color:#f76a0c;-webkit-box-decoration-break:clone;box-decoration-break:clone;padding-top:0px;padding-right:0px;padding-bottom:0px;padding-left:0px;}.wp-block-kadence-advancedheading.kt-adv-heading2_c5d709-9d img.kb-inline-image, .wp-block-kadence-advancedheading.kt-adv-heading2_c5d709-9d[data-kb-block=\"kb-adv-heading2_c5d709-9d\"] img.kb-inline-image{width:150px;vertical-align:baseline;}<\/style>\n<h1 class=\"kt-adv-heading2_c5d709-9d wp-block-kadence-advancedheading has-theme-palette-1-color has-text-color\" data-kb-block=\"kb-adv-heading2_c5d709-9d\">Program<\/h1>\n\n\n<style>.wp-block-kadence-advancedheading.kt-adv-heading2_c8fc35-fd, .wp-block-kadence-advancedheading.kt-adv-heading2_c8fc35-fd[data-kb-block=\"kb-adv-heading2_c8fc35-fd\"]{padding-top:0px;margin-top:0px;margin-bottom:var(--global-kb-spacing-xxl, 5rem);font-style:normal;}.wp-block-kadence-advancedheading.kt-adv-heading2_c8fc35-fd mark.kt-highlight, .wp-block-kadence-advancedheading.kt-adv-heading2_c8fc35-fd[data-kb-block=\"kb-adv-heading2_c8fc35-fd\"] mark.kt-highlight{font-style:normal;color:#f76a0c;-webkit-box-decoration-break:clone;box-decoration-break:clone;padding-top:0px;padding-right:0px;padding-bottom:0px;padding-left:0px;}.wp-block-kadence-advancedheading.kt-adv-heading2_c8fc35-fd img.kb-inline-image, .wp-block-kadence-advancedheading.kt-adv-heading2_c8fc35-fd[data-kb-block=\"kb-adv-heading2_c8fc35-fd\"] img.kb-inline-image{width:150px;vertical-align:baseline;}<\/style>\n<p class=\"kt-adv-heading2_c8fc35-fd wp-block-kadence-advancedheading\" data-kb-block=\"kb-adv-heading2_c8fc35-fd\">J\u0119zykiem wyk\u0142adowym konferencji b\u0119dzie j\u0119zyk angielski.<\/p>\n\n\n\n<style>\n    .conference-program {\n        font-family: 'Manrope', sans-serif;\n        color: #000;\n        line-height: 1.6;\n    }\n\n    .conference-program h2 {\n        color: #0FB24B;\n        font-size: 2em;\n        margin: 2.5em 0 1.5em 0;\n        font-weight: 600;\n    }\n\n    .conference-program h2:first-child {\n        margin-top: 0;\n    }\n\n    .conference-program h3 {\n        color: #ffa524;\n        font-size: 1.5em;\n        margin: 3em 0 1.2em 0;\n        font-weight: 600;\n    }\n\n    .conference-program h3:first-of-type {\n        margin-top: 1.5em;\n    }\n\n    .conference-program h4 {\n        color: #000;\n        font-size: 1.1em;\n        margin: 2.5em 0 1em 0;\n        font-weight: 600;\n        text-transform: uppercase;\n        letter-spacing: 0.5px;\n    }\n\n    .program-item {\n        display: flex;\n        gap: 1.5em;\n        margin: 0.4em 0;\n        padding: 0.6em 0;\n        border-bottom: 1px solid #e1e1e1;\n    }\n\n    .program-item:last-child {\n        border-bottom: none;\n    }\n\n    .time {\n        color: #000;\n        font-weight: 600;\n        min-width: 120px;\n        flex-shrink: 0;\n    }\n\n    .session-info {\n        flex: 1;\n    }\n\n    .session-title {\n        color: #000;\n        font-weight: 500;\n        margin-bottom: 0;\n    }\n\n    .speaker {\n        color: #000;\n        font-weight: 700;\n        font-size: 0.95em;\n    }\n\n    .break-item {\n        background: #f7f7f7;\n        padding: 0.6em 1em;\n        margin: 0.5em 0;\n        border-left: 3px solid #21bb95;\n    }\n\n    .dinner-item {\n        background: #ffa524;\n        color: #ffffff;\n        padding: 0.6em 1em;\n        margin: 0.5em 0;\n        border-left: 3px solid #f5a524;\n    }\n\n    .dinner-item .time,\n    .dinner-item .session-title {\n        color: #ffffff;\n    }\n<\/style>\n\n<div class=\"conference-program\">\n\n    <h3>Thursday, 24.09.2026<\/h3>\n\n    <div class=\"program-item\">\n        <div class=\"time\">09:00 \u2013 09:10<\/div>\n        <div class=\"session-info\">\n            <div class=\"session-title\">Welcome<\/div>\n            <div class=\"speaker\">Blazej Pruszczynski<\/div>\n        <\/div>\n    <\/div>\n\n    <div class=\"program-item\">\n        <div class=\"time\">09:10 \u2013 09:20<\/div>\n        <div class=\"session-info\">\n            <div class=\"session-title\">Development of the hip \u2013 from embryo to the end of the growth<\/div>\n            <div class=\"speaker\">Blazej Pruszczynski<\/div>\n        <\/div>\n    <\/div>\n\n    <div class=\"program-item\">\n        <div class=\"time\">09:20 \u2013 09:35<\/div>\n        <div class=\"session-info\">\n            <div class=\"session-title\">Beyond the Growth Plate: Transitional Injuries and morbidities of the Developing Hip<\/div>\n            <div class=\"speaker\">Ryszard Tomaszewski<\/div>\n        <\/div>\n    <\/div>\n\n    <div class=\"program-item\">\n        <div class=\"time\">09:35 \u2013 09:50<\/div>\n        <div class=\"session-info\">\n            <div class=\"session-title\">Neonatal Hip<\/div>\n            <div class=\"speaker\">Piotr Buchcic<\/div>\n        <\/div>\n    <\/div>\n\n    <div class=\"program-item\">\n        <div class=\"time\">09:50 \u2013 10:00<\/div>\n        <div class=\"session-info\">\n            <div class=\"session-title\">Questions<\/div>\n        <\/div>\n    <\/div>\n\n    <h4>DDH<\/h4>\n\n    <div class=\"program-item\">\n        <div class=\"time\">10:00 \u2013 10:10<\/div>\n        <div class=\"session-info\">\n            <div class=\"session-title\">Diagnosis<\/div>\n            <div class=\"speaker\">Blazej Pruszczynski<\/div>\n        <\/div>\n    <\/div>\n\n    <div class=\"program-item\">\n        <div class=\"time\">10:10 \u2013 10:25<\/div>\n        <div class=\"session-info\">\n            <div class=\"session-title\">Nonsurgical treatment (orthosis and closed reduction)<\/div>\n            <div class=\"speaker\">Marek Synder<\/div>\n        <\/div>\n    <\/div>\n\n    <div class=\"program-item\">\n        <div class=\"time\">10:25 \u2013 10:40<\/div>\n        <div class=\"session-info\">\n            <div class=\"session-title\">Medial open reduction<\/div>\n            <div class=\"speaker\">Muharrem Inan<\/div>\n        <\/div>\n    <\/div>\n\n    <div class=\"program-item\">\n        <div class=\"time\">10:40 \u2013 10:50<\/div>\n        <div class=\"session-info\">\n            <div class=\"session-title\">Questions<\/div>\n        <\/div>\n    <\/div>\n\n    <div class=\"program-item break-item\">\n        <div class=\"time\">10:50 \u2013 11:10<\/div>\n        <div class=\"session-info\">\n            <div class=\"session-title\">Coffee break<\/div>\n        <\/div>\n    <\/div>\n\n    <div class=\"program-item\">\n        <div class=\"time\">11:10 \u2013 11:25<\/div>\n        <div class=\"session-info\">\n            <div class=\"session-title\">Lateral Open reduction<\/div>\n            <div class=\"speaker\">Manoj Ramachandran<\/div>\n        <\/div>\n    <\/div>\n\n    <div class=\"program-item\">\n        <div class=\"time\">11:25 \u2013 11:35<\/div>\n        <div class=\"session-info\">\n            <div class=\"session-title\">Secondary Hip Dysplasia<\/div>\n            <div class=\"speaker\">Blazej Pruszczynski<\/div>\n        <\/div>\n    <\/div>\n\n    <div class=\"program-item\">\n        <div class=\"time\">11:35 \u2013 11:50<\/div>\n        <div class=\"session-info\">\n            <div class=\"session-title\">Hip Dysplasia to Impingement<\/div>\n            <div class=\"speaker\">Piotr Buchcic<\/div>\n        <\/div>\n    <\/div>\n\n    <div class=\"program-item\">\n        <div class=\"time\">11:50 \u2013 12:05<\/div>\n        <div class=\"session-info\">\n            <div class=\"session-title\">When the dysplastic Hip surgery in teenager is needed<\/div>\n            <div class=\"speaker\">Mihir Thacker<\/div>\n        <\/div>\n    <\/div>\n\n    <div class=\"program-item\">\n        <div class=\"time\">12:05 \u2013 12:15<\/div>\n        <div class=\"session-info\">\n            <div class=\"session-title\">Questions<\/div>\n        <\/div>\n    <\/div>\n\n    <div class=\"program-item break-item\">\n        <div class=\"time\">12:15 \u2013 12:35<\/div>\n        <div class=\"session-info\">\n            <div class=\"session-title\">Coffee break<\/div>\n        <\/div>\n    <\/div>\n\n    <h4>LEGG-CALVE-PERTHES<\/h4>\n\n    <div class=\"program-item\">\n        <div class=\"time\">12:35 \u2013 12:50<\/div>\n        <div class=\"session-info\">\n            <div class=\"session-title\">LCPD history and IPSG<\/div>\n            <div class=\"speaker\">Marek Synder<\/div>\n        <\/div>\n    <\/div>\n\n    <div class=\"program-item\">\n        <div class=\"time\">12:50 \u2013 13:05<\/div>\n        <div class=\"session-info\">\n            <div class=\"session-title\">Perthes: A Childhood Mystery<\/div>\n            <div class=\"speaker\">Manoj Ramachandran<\/div>\n        <\/div>\n    <\/div>\n\n    <div class=\"program-item\">\n        <div class=\"time\">13:05 \u2013 13:20<\/div>\n        <div class=\"session-info\">\n            <div class=\"session-title\">Nonsurgical treatment<\/div>\n            <div class=\"speaker\">Blazej Pruszczynski<\/div>\n        <\/div>\n    <\/div>\n\n    <div class=\"program-item\">\n        <div class=\"time\">13:20 \u2013 13:30<\/div>\n        <div class=\"session-info\">\n            <div class=\"session-title\">Questions<\/div>\n        <\/div>\n    <\/div>\n\n    <div class=\"program-item break-item\">\n        <div class=\"time\">13:30 \u2013 14:30<\/div>\n        <div class=\"session-info\">\n            <div class=\"session-title\">Lunch<\/div>\n        <\/div>\n    <\/div>\n\n    <div class=\"program-item\">\n        <div class=\"time\">14:30 \u2013 14:45<\/div>\n        <div class=\"session-info\">\n            <div class=\"session-title\">Radiography in LCPD<\/div>\n            <div class=\"speaker\">Joanna Niemunis-Sawicka<\/div>\n        <\/div>\n    <\/div>\n\n    <div class=\"program-item\">\n        <div class=\"time\">14:45 \u2013 15:00<\/div>\n        <div class=\"session-info\">\n            <div class=\"session-title\">Acute Perthes: Contain the Pain<\/div>\n            <div class=\"speaker\">Manoj Ramachandran<\/div>\n        <\/div>\n    <\/div>\n\n    <div class=\"program-item\">\n        <div class=\"time\">15:00 \u2013 15:15<\/div>\n        <div class=\"session-info\">\n            <div class=\"session-title\">Perthes: Reshaping the Future<\/div>\n            <div class=\"speaker\">Mihir Thacker<\/div>\n        <\/div>\n    <\/div>\n\n    <h4>SCFE<\/h4>\n\n    <div class=\"program-item\">\n        <div class=\"time\">15:15 \u2013 15:30<\/div>\n        <div class=\"session-info\">\n            <div class=\"session-title\">Radiography in SCFE<\/div>\n            <div class=\"speaker\">Joanna Niemunis-Sawicka<\/div>\n        <\/div>\n    <\/div>\n\n    <div class=\"program-item\">\n        <div class=\"time\">15:30 \u2013 15:40<\/div>\n        <div class=\"session-info\">\n            <div class=\"session-title\">SCFE: Slipping Through Growth<\/div>\n            <div class=\"speaker\">Blazej Pruszczynski<\/div>\n        <\/div>\n    <\/div>\n\n    <div class=\"program-item\">\n        <div class=\"time\">15:40 \u2013 15:55<\/div>\n        <div class=\"session-info\">\n            <div class=\"session-title\">SCFE: Rebuilding Stability<\/div>\n            <div class=\"speaker\">Manoj Ramachandran<\/div>\n        <\/div>\n    <\/div>\n\n    <div class=\"program-item\">\n        <div class=\"time\">15:55 \u2013 16:10<\/div>\n        <div class=\"session-info\">\n            <div class=\"session-title\">When and why surgery<\/div>\n            <div class=\"speaker\">Mihir Thacker<\/div>\n        <\/div>\n    <\/div>\n\n    <div class=\"program-item\">\n        <div class=\"time\">16:10 \u2013 16:20<\/div>\n        <div class=\"session-info\">\n            <div class=\"session-title\">Questions<\/div>\n        <\/div>\n    <\/div>\n\n    <div class=\"program-item\">\n        <div class=\"time\">16:20 \u2013 17:20<\/div>\n        <div class=\"session-info\">\n            <div class=\"session-title\">Workshop Orthopediatrics<\/div>\n        <\/div>\n    <\/div>\n\n    <!--\n      <div class=\"program-item dinner-item\">\n        <div class=\"time\">19:30<\/div>\n        <div class=\"session-info\">\n          <div class=\"session-title\">Course dinner<\/div>\n        <\/div>\n      <\/div>\n    -->\n\n    <h3>Friday, 25.09.2026<\/h3>\n\n    <h4>CP HIP AND OTHER DISEASES<\/h4>\n\n    <div class=\"program-item\">\n        <div class=\"time\">08:30 \u2013 08:45<\/div>\n        <div class=\"session-info\">\n            <div class=\"session-title\">Principles of Hip Surveillance in CP<\/div>\n            <div class=\"speaker\">Muharrem Inan<\/div>\n        <\/div>\n    <\/div>\n\n    <div class=\"program-item\">\n        <div class=\"time\">08:45 \u2013 08:55<\/div>\n        <div class=\"session-info\">\n            <div class=\"session-title\">Conservative treatment<\/div>\n            <div class=\"speaker\">Blazej Pruszczynski<\/div>\n        <\/div>\n    <\/div>\n\n    <div class=\"program-item\">\n        <div class=\"time\">08:55 \u2013 09:10<\/div>\n        <div class=\"session-info\">\n            <div class=\"session-title\">Surgical treatment<\/div>\n            <div class=\"speaker\">Muharrem Inan<\/div>\n        <\/div>\n    <\/div>\n\n    <div class=\"program-item\">\n        <div class=\"time\">09:10 \u2013 09:25<\/div>\n        <div class=\"session-info\">\n            <div class=\"session-title\">Hip Containment with Guided Growth<\/div>\n            <div class=\"speaker\">Muharrem Inan<\/div>\n        <\/div>\n    <\/div>\n\n    <div class=\"program-item\">\n        <div class=\"time\">09:25 \u2013 09:40<\/div>\n        <div class=\"session-info\">\n            <div class=\"session-title\">Hip Containment With Osteotomy<\/div>\n            <div class=\"speaker\">Muharrem Inan<\/div>\n        <\/div>\n    <\/div>\n\n    <div class=\"program-item\">\n        <div class=\"time\">09:40 \u2013 09:45<\/div>\n        <div class=\"session-info\">\n            <div class=\"session-title\">Questions<\/div>\n        <\/div>\n    <\/div>\n\n    <div class=\"program-item\">\n        <div class=\"time\">09:45 \u2013 10:00<\/div>\n        <div class=\"session-info\">\n            <div class=\"session-title\">Hip varus \u2013 achondroplasia and others diseases<\/div>\n            <div class=\"speaker\">Mihir Thacker<\/div>\n        <\/div>\n    <\/div>\n\n    <div class=\"program-item\">\n        <div class=\"time\">10:00 \u2013 10:10<\/div>\n        <div class=\"session-info\">\n            <div class=\"session-title\">Questions<\/div>\n        <\/div>\n    <\/div>\n\n    <div class=\"program-item break-item\">\n        <div class=\"time\">10:10 \u2013 10:30<\/div>\n        <div class=\"session-info\">\n            <div class=\"session-title\">Coffee break<\/div>\n        <\/div>\n    <\/div>\n\n    <div class=\"program-item\">\n        <div class=\"time\">10:30 \u2013 11:15<\/div>\n        <div class=\"session-info\">\n            <div class=\"session-title\">ChM Workshop<\/div>\n        <\/div>\n    <\/div>\n\n    <h4>ATHLETIC HIP<\/h4>\n\n    <div class=\"program-item\">\n        <div class=\"time\">11:15 \u2013 11:30<\/div>\n        <div class=\"session-info\">\n            <div class=\"session-title\">Provocative Maneuvers That Reveal Hidden Pathology<\/div>\n            <div class=\"speaker\">Rados\u0142aw Lebiedzinski<\/div>\n        <\/div>\n    <\/div>\n\n    <div class=\"program-item\">\n        <div class=\"time\">11:30 \u2013 11:45<\/div>\n        <div class=\"session-info\">\n            <div class=\"session-title\">Seeing Inside the Athletic Hip: Age-Appropriate Imaging Across the Maturity Spectrum<\/div>\n            <div class=\"speaker\">Tomasz Guszczyn<\/div>\n        <\/div>\n    <\/div>\n\n    <div class=\"program-item\">\n        <div class=\"time\">11:45 \u2013 12:00<\/div>\n        <div class=\"session-info\">\n            <div class=\"session-title\">Hip OCD: How should be treated<\/div>\n            <div class=\"speaker\">Rados\u0142aw Lebiedzinski<\/div>\n        <\/div>\n    <\/div>\n\n    <div class=\"program-item\">\n        <div class=\"time\">12:00 \u2013 12:15<\/div>\n        <div class=\"session-info\">\n            <div class=\"session-title\">Surgical Spotlight: Surgical Hip Dislocation<\/div>\n            <div class=\"speaker\">Mihir Thacker<\/div>\n        <\/div>\n    <\/div>\n\n    <div class=\"program-item\">\n        <div class=\"time\">12:15 \u2013 12:30<\/div>\n        <div class=\"session-info\">\n            <div class=\"session-title\">Fractures of the neck and head in femur<\/div>\n            <div class=\"speaker\">Piotr Buchcic<\/div>\n        <\/div>\n    <\/div>\n\n    <div class=\"program-item\">\n        <div class=\"time\">12:30 \u2013 12:40<\/div>\n        <div class=\"session-info\">\n            <div class=\"session-title\">Questions<\/div>\n        <\/div>\n    <\/div>\n\n    <div class=\"program-item break-item\">\n        <div class=\"time\">12:40 \u2013 13:40<\/div>\n        <div class=\"session-info\">\n            <div class=\"session-title\">Lunch<\/div>\n        <\/div>\n    <\/div>\n\n    <div class=\"program-item\">\n        <div class=\"time\">13:40 \u2013 13:55<\/div>\n        <div class=\"session-info\">\n            <div class=\"session-title\">AI in pediatric orthopedics<\/div>\n            <div class=\"speaker\">Manoj Ramachandran <\/div>\n        <\/div>\n    <\/div>\n\n    <div class=\"program-item\">\n        <div class=\"time\">13:55 \u2013 14:00<\/div>\n        <div class=\"session-info\">\n            <div class=\"session-title\">Questions<\/div>\n        <\/div>\n    <\/div>\n\n\n\n\n    <div class=\"program-item\">\n        <div class=\"time\">14:00 \u2013 14:20<\/div>\n        <div class=\"session-info\">\n            <div class=\"session-title\">Developing Relationships: Finding Mentors and Becoming One Yourself<\/div>\n            <div class=\"speaker\">Anna Szablewska (TRENCO)<\/div>\n        <\/div>\n    <\/div>\n\n    <div class=\"program-item\">\n        <div class=\"time\">14:20 \u2013 14:25<\/div>\n        <div class=\"session-info\">\n            <div class=\"session-title\">Questions<\/div>\n        <\/div>\n    <\/div>\n\n\n    <div class=\"program-item\">\n        <div class=\"time\">14:25 \u2013 14:40<\/div>\n        <div class=\"session-info\">\n            <div class=\"session-title\">How to plan surgery in demanding hip deformity<\/div>\n            <div class=\"speaker\">Andrzej Borowski<\/div>\n        <\/div>\n    <\/div>\n\n    <div class=\"program-item\">\n        <div class=\"time\">14:40 \u2013 14:55<\/div>\n        <div class=\"session-info\">\n            <div class=\"session-title\">Salvage procedure in young hip<\/div>\n            <div class=\"speaker\">Marcin Domzalski<\/div>\n        <\/div>\n    <\/div>\n\n    <div class=\"program-item\">\n        <div class=\"time\">14:55 \u2013 15:10<\/div>\n        <div class=\"session-info\">\n            <div class=\"session-title\">Total Hip Arthroplasty in young adults<\/div>\n            <div class=\"speaker\">Krzysztof Andrzejewski<\/div>\n        <\/div>\n    <\/div>\n\n    <div class=\"program-item\">\n        <div class=\"time\">15:10 \u2013 15:20<\/div>\n        <div class=\"session-info\">\n            <div class=\"session-title\">Questions<\/div>\n        <\/div>\n    <\/div>\n\n    <div class=\"program-item\">\n        <div class=\"time\">15:20 \u2013 15:35<\/div>\n        <div class=\"session-info\">\n            <div class=\"session-title\">Rehabilitation in Hip disorders and role of the foot in hip biomechanics \u2013 two parts<\/div>\n        <\/div>\n    <\/div>\n\n    <div class=\"program-item\">\n        <div class=\"time\">15:35 \u2013 15:45<\/div>\n        <div class=\"session-info\">\n            <div class=\"session-title\">Questions<\/div>\n        <\/div>\n    <\/div>\n\n    <div class=\"program-item\">\n        <div class=\"time\">15:45 \u2013 15:55<\/div>\n        <div class=\"session-info\">\n            <div class=\"session-title\">End of the course<\/div>\n            <div class=\"speaker\">Blazej Pruszczynski<\/div>\n        <\/div>\n    <\/div>\n\n<\/div>\n\n\n\n<p><\/p>\n","protected":false},"excerpt":{"rendered":"<p>Program J\u0119zykiem wyk\u0142adowym konferencji b\u0119dzie j\u0119zyk angielski. Thursday, 24.09.2026 09:00 \u2013 09:10 Welcome Blazej Pruszczynski 09:10 \u2013 09:20 Development of the hip \u2013 from embryo to the end of the growth Blazej Pruszczynski 09:20 \u2013 09:35 Beyond the Growth Plate: Transitional Injuries and morbidities of the Developing Hip Ryszard Tomaszewski 09:35 \u2013 09:50 Neonatal Hip&#8230;<\/p>","protected":false},"author":1,"featured_media":0,"parent":0,"menu_order":0,"comment_status":"closed","ping_status":"closed","template":"","meta":{"_kadence_starter_templates_imported_post":false,"_kad_post_transparent":"","_kad_post_title":"hide","_kad_post_layout":"normal","_kad_post_sidebar_id":"","_kad_post_content_style":"unboxed","_kad_post_vertical_padding":"default","_kad_post_feature":"","_kad_post_feature_position":"","_kad_post_header":false,"_kad_post_footer":false,"_kad_post_classname":"","footnotes":""},"class_list":["post-2","page","type-page","status-publish","hentry"],"_links":{"self":[{"href":"https:\/\/querqusacademy.pl\/en\/wp-json\/wp\/v2\/pages\/2","targetHints":{"allow":["GET"]}}],"collection":[{"href":"https:\/\/querqusacademy.pl\/en\/wp-json\/wp\/v2\/pages"}],"about":[{"href":"https:\/\/querqusacademy.pl\/en\/wp-json\/wp\/v2\/types\/page"}],"author":[{"embeddable":true,"href":"https:\/\/querqusacademy.pl\/en\/wp-json\/wp\/v2\/users\/1"}],"replies":[{"embeddable":true,"href":"https:\/\/querqusacademy.pl\/en\/wp-json\/wp\/v2\/comments?post=2"}],"version-history":[{"count":35,"href":"https:\/\/querqusacademy.pl\/en\/wp-json\/wp\/v2\/pages\/2\/revisions"}],"predecessor-version":[{"id":1860,"href":"https:\/\/querqusacademy.pl\/en\/wp-json\/wp\/v2\/pages\/2\/revisions\/1860"}],"wp:attachment":[{"href":"https:\/\/querqusacademy.pl\/en\/wp-json\/wp\/v2\/media?parent=2"}],"curies":[{"name":"wp","href":"https:\/\/api.w.org\/{rel}","templated":true}]}}